{"id":7814,"date":"2024-07-05T09:48:11","date_gmt":"2024-07-05T07:48:11","guid":{"rendered":"https:\/\/dev2.cei-voyage.fr\/?post_type=product&#038;p=7814"},"modified":"2025-07-02T12:16:24","modified_gmt":"2025-07-02T10:16:24","slug":"cultural-tour-south-of-france","status":"publish","type":"product","link":"https:\/\/dev2.cei-voyage.fr\/en\/sejours\/educational-tours\/cultural-tours-france\/cultural-tour-south-of-france\/","title":{"rendered":"South of France"},"content":{"rendered":"<p>Discover some of the most emblematic cities of the South of France : Marseille, Aix en Provence and Nice. During your visit to these historic cities, you will discover some beautiful and breathtaking landscapes.<\/p>\n<h3>5 day itinerary<\/h3>\n<ul>\n<li><strong>Day 1<\/strong> : Arrival in <strong>Marseille<\/strong>.<\/li>\n<li><strong>Day 2<\/strong> : Begin your journey with a guided city tour of Marseille. Discover the rich history and culture of this port city. The tour includes a visit to a traditional soap factory, where you&#8217;ll learn about the artisanal process of making famous &#8220;Savon de Marseille&#8221;.<\/li>\n<li><strong>Day 3<\/strong> : Travel by private coach from Marseille to <strong>Nice<\/strong>, with a stop in <strong>Aix-en-Provence<\/strong>. In Aix, visit the &#8220;<strong>Atelier C\u00e9zanne<\/strong>&#8220;, the studio of the renowned artist Paul C\u00e9zanne. Experience the environment that inspired many of his masterpieces. Arrive in Nice in the afternoon, with time to relax and explore the city.<\/li>\n<li><strong>Day 4<\/strong> : Enjoy a guided city tour of Nice, where you will explore its stunning architecture, vibrant markets , and beautiful Promenade des Anglais. After the tour, you&#8217;ll have free time to wander the iconic streets of Nice&#8217;s old town, shop, or relax in one of the many charming caf\u00e9s.<\/li>\n<li><strong>Day 5<\/strong> : Spend your last day enjoying some final shopping and savoring coffee on a sunny terrace. Take in the serene ambiance of the Mediterranean before your departure.<\/li>\n<\/ul>\n<h3>Accommodation<\/h3>\n<p>You will enjoy a half board immersion holiday, staying in both a residence and a hotel during your trip to Southern France.<\/p>\n","protected":false},"excerpt":{"rendered":"<p>This itinerary promises an enriching and immersive experience, showcasing the best of Southern France&#8217;s culture, art, and scenic beauty.<\/p>\n","protected":false},"featured_media":7815,"template":"","meta":{"_acf_changed":false,"inline_featured_image":false},"product_brand":[],"product_cat":[213,194],"product_tag":[203],"class_list":{"0":"post-7814","1":"product","2":"type-product","3":"status-publish","4":"has-post-thumbnail","6":"product_cat-cultural-tours-france","7":"product_cat-educational-tours","8":"product_tag-france-en","9":"sales-flash-overlay","10":"woocommerce-text-align-center","11":"woocommerce-image-align-center","13":"first","14":"instock","15":"virtual","16":"taxable","17":"purchasable","18":"product-type-simple"},"acf":{"sessions_repeater":null,"age":{"age_min":12,"age_max":""},"language":[],"level":["troisi\u00e8me","seconde","premi\u00e8re","terminale","quatri\u00e8me","cinqui\u00e8me"],"thematic":["Stay abroad","Educational tours for groups","Cultural tours","Seaside"],"seasons":["all"],"dates":[],"duration":["5 days"],"accommodation":["In residence","In hotel"],"supervision":"","visiocolo":false,"professional_experience":""},"_links":{"self":[{"href":"https:\/\/dev2.cei-voyage.fr\/en\/wp-json\/wp\/v2\/product\/7814","targetHints":{"allow":["GET"]}}],"collection":[{"href":"https:\/\/dev2.cei-voyage.fr\/en\/wp-json\/wp\/v2\/product"}],"about":[{"href":"https:\/\/dev2.cei-voyage.fr\/en\/wp-json\/wp\/v2\/types\/product"}],"wp:featuredmedia":[{"embeddable":true,"href":"https:\/\/dev2.cei-voyage.fr\/en\/wp-json\/wp\/v2\/media\/7815"}],"wp:attachment":[{"href":"https:\/\/dev2.cei-voyage.fr\/en\/wp-json\/wp\/v2\/media?parent=7814"}],"wp:term":[{"taxonomy":"product_brand","embeddable":true,"href":"https:\/\/dev2.cei-voyage.fr\/en\/wp-json\/wp\/v2\/product_brand?post=7814"},{"taxonomy":"product_cat","embeddable":true,"href":"https:\/\/dev2.cei-voyage.fr\/en\/wp-json\/wp\/v2\/product_cat?post=7814"},{"taxonomy":"product_tag","embeddable":true,"href":"https:\/\/dev2.cei-voyage.fr\/en\/wp-json\/wp\/v2\/product_tag?post=7814"}],"curies":[{"name":"wp","href":"https:\/\/api.w.org\/{rel}","templated":true}]}}