{"id":7692,"date":"2024-06-28T14:08:40","date_gmt":"2024-06-28T12:08:40","guid":{"rendered":"https:\/\/dev2.cei-voyage.fr\/?post_type=product&#038;p=7692"},"modified":"2025-07-02T22:03:34","modified_gmt":"2025-07-02T20:03:34","slug":"cooking-tour-britanny","status":"publish","type":"product","link":"https:\/\/dev2.cei-voyage.fr\/en\/sejours\/educational-tours\/thematic-tours-france\/cooking-tour-britanny\/","title":{"rendered":"Cooking tour in Britanny"},"content":{"rendered":"<p>Our tours let you in on some culinary &#8220;secrets&#8221;. Have a taste!<\/p>\n<p>Travel to Brittany where you get the chance to be introduced to French dining customs, and gastronomy.<\/p>\n<h3>Program<\/h3>\n<ul>\n<li>Saint-Malo guided <strong>city-tour<\/strong>. Explore the city and discover its historic streets and vibrant culture.<\/li>\n<li>Dive into Breton culinary traditions with a cr\u00eapes cooking workshop, where you will master the art of these iconic French delights.<\/li>\n<li>Embark on a scenic <strong>boat trip to Dinard<\/strong>, a charming seaside resort on the Emerald Coast, known for its stunning beaches and architecture.<\/li>\n<li>Full day <strong>excursion to Mont Saint-Michel<\/strong> and Cancale. Explore the Mont Saint-Michel Abbey. Immerse yourself in the fascinating world of oyster farming in Cancale, renowned for its succulent oysters. Enjoy a tasting session of these freshly harvested delicacies.<\/li>\n<\/ul>\n<h3>Accommodation<\/h3>\n<p>You will enjoy 4 nights half board accommodation in residence accommodation.<\/p>\n<p>By joining this program, you\u2019ll experience the best of Brittany, blending cultural exploration and historical insight.<\/p>\n","protected":false},"excerpt":{"rendered":"<p>This itinerary combines cultural exploration, hands-on culinary experiences, and natural beauty, offering a perfect blend of history, gastronomy, and coastal charm. Ideal for travelers of all ages, our program promises unforgettable moments in the captivating landscapes of Brittany.<\/p>\n","protected":false},"featured_media":7699,"template":"","meta":{"_acf_changed":false,"inline_featured_image":false},"product_brand":[],"product_cat":[438,194],"product_tag":[203],"class_list":{"0":"post-7692","1":"product","2":"type-product","3":"status-publish","4":"has-post-thumbnail","6":"product_cat-thematic-tours-france","7":"product_cat-educational-tours","8":"product_tag-france-en","9":"sales-flash-overlay","10":"woocommerce-text-align-center","11":"woocommerce-image-align-center","13":"first","14":"instock","15":"virtual","16":"taxable","17":"purchasable","18":"product-type-simple"},"acf":{"sessions_repeater":null,"age":{"age_min":12,"age_max":""},"language":[],"level":["troisi\u00e8me","seconde","premi\u00e8re","terminale","quatri\u00e8me","cinqui\u00e8me","post bac"],"thematic":["Stay abroad","Optional fun trips","Seaside","Cooking tours","Thematic tours","Educational tours for groups"],"seasons":["all"],"dates":[],"duration":["5 days"],"accommodation":["In residence"],"supervision":"","visiocolo":false,"professional_experience":""},"_links":{"self":[{"href":"https:\/\/dev2.cei-voyage.fr\/en\/wp-json\/wp\/v2\/product\/7692","targetHints":{"allow":["GET"]}}],"collection":[{"href":"https:\/\/dev2.cei-voyage.fr\/en\/wp-json\/wp\/v2\/product"}],"about":[{"href":"https:\/\/dev2.cei-voyage.fr\/en\/wp-json\/wp\/v2\/types\/product"}],"wp:featuredmedia":[{"embeddable":true,"href":"https:\/\/dev2.cei-voyage.fr\/en\/wp-json\/wp\/v2\/media\/7699"}],"wp:attachment":[{"href":"https:\/\/dev2.cei-voyage.fr\/en\/wp-json\/wp\/v2\/media?parent=7692"}],"wp:term":[{"taxonomy":"product_brand","embeddable":true,"href":"https:\/\/dev2.cei-voyage.fr\/en\/wp-json\/wp\/v2\/product_brand?post=7692"},{"taxonomy":"product_cat","embeddable":true,"href":"https:\/\/dev2.cei-voyage.fr\/en\/wp-json\/wp\/v2\/product_cat?post=7692"},{"taxonomy":"product_tag","embeddable":true,"href":"https:\/\/dev2.cei-voyage.fr\/en\/wp-json\/wp\/v2\/product_tag?post=7692"}],"curies":[{"name":"wp","href":"https:\/\/api.w.org\/{rel}","templated":true}]}}