{"id":7680,"date":"2024-06-28T09:48:06","date_gmt":"2024-06-28T07:48:06","guid":{"rendered":"https:\/\/dev2.cei-voyage.fr\/?post_type=product&#038;p=7680"},"modified":"2025-07-02T11:55:31","modified_gmt":"2025-07-02T09:55:31","slug":"paris-discovery-educational-cultural-tour","status":"publish","type":"product","link":"https:\/\/dev2.cei-voyage.fr\/en\/sejours\/educational-tours\/cultural-tours-france\/paris-discovery-educational-cultural-tour\/","title":{"rendered":"Paris discovery"},"content":{"rendered":"<p>Paris is one of the most fascinating cities in the world ! Explore its famous museum and monuments, caf\u00e9s and shops. Discover the best of Paris in 5 days !<\/p>\n<h3>5 day itinerary<\/h3>\n<ul>\n<li><strong>Day 1<\/strong> : Arrival, you&#8217;ll be greeted and transferred to your accommodation.<\/li>\n<li><strong>Day 2<\/strong> : <strong>Paris city tour<\/strong> including stops at Bastille, a symbol of the French Revolution ; Champs-Elysee, with its grand shops and cafes ; and Montmartre, known for its bohemian history and the stunning Basilica of Sacr\u00e9-C\u0153ur.<\/li>\n<li><strong>Day 3<\/strong> : Visit <strong>Versailles <\/strong>castle and gardens (Louis XIV residence). The stunning gardens are a masterpiece of French landscape architecture. In the afternoon, visit the latin district, Luxembourg garden. You will also visit the Pantheon, which is the resting place of many French luminaries.<\/li>\n<li><strong>Day 4<\/strong> : Enjoy a <strong>Seine River Cruise, <\/strong>offering a unique perspective of Paris from the water. Spend the day wandering around the Ile de la Cite (Cathedral Notre Dame) and world-famous <strong>Louvre Museum<\/strong>.<\/li>\n<li><strong>Day 5<\/strong> : Last day for shopping and last coffee on a Parisian terrace before departure.<\/li>\n<\/ul>\n<h3>Accomodation<\/h3>\n<p>You will enjoy a central Paris residential accommodation with half board.<\/p>\n","protected":false},"excerpt":{"rendered":"<p>This 5-day itinerary offers a perfect blend of <strong>cultural exploration<\/strong>, historical insights, and leisurely experiences, ensuring a <strong>memorable trip to Paris<\/strong>. Join us for an enriching adventure in the City of Light!<\/p>\n","protected":false},"featured_media":7509,"template":"","meta":{"_acf_changed":false,"inline_featured_image":false},"product_brand":[],"product_cat":[213,194],"product_tag":[203],"class_list":{"0":"post-7680","1":"product","2":"type-product","3":"status-publish","4":"has-post-thumbnail","6":"product_cat-cultural-tours-france","7":"product_cat-educational-tours","8":"product_tag-france-en","9":"sales-flash-overlay","10":"woocommerce-text-align-center","11":"woocommerce-image-align-center","13":"first","14":"instock","15":"virtual","16":"taxable","17":"purchasable","18":"product-type-simple"},"acf":{"sessions_repeater":null,"age":{"age_min":12,"age_max":""},"language":[],"level":["troisi\u00e8me","seconde","premi\u00e8re","terminale","quatri\u00e8me","cinqui\u00e8me"],"thematic":["Stay abroad","Educational tours for groups","Cultural tours"],"seasons":["all"],"dates":[],"duration":["5 days"],"accommodation":["In residence"],"supervision":"","visiocolo":false,"professional_experience":""},"_links":{"self":[{"href":"https:\/\/dev2.cei-voyage.fr\/en\/wp-json\/wp\/v2\/product\/7680","targetHints":{"allow":["GET"]}}],"collection":[{"href":"https:\/\/dev2.cei-voyage.fr\/en\/wp-json\/wp\/v2\/product"}],"about":[{"href":"https:\/\/dev2.cei-voyage.fr\/en\/wp-json\/wp\/v2\/types\/product"}],"wp:featuredmedia":[{"embeddable":true,"href":"https:\/\/dev2.cei-voyage.fr\/en\/wp-json\/wp\/v2\/media\/7509"}],"wp:attachment":[{"href":"https:\/\/dev2.cei-voyage.fr\/en\/wp-json\/wp\/v2\/media?parent=7680"}],"wp:term":[{"taxonomy":"product_brand","embeddable":true,"href":"https:\/\/dev2.cei-voyage.fr\/en\/wp-json\/wp\/v2\/product_brand?post=7680"},{"taxonomy":"product_cat","embeddable":true,"href":"https:\/\/dev2.cei-voyage.fr\/en\/wp-json\/wp\/v2\/product_cat?post=7680"},{"taxonomy":"product_tag","embeddable":true,"href":"https:\/\/dev2.cei-voyage.fr\/en\/wp-json\/wp\/v2\/product_tag?post=7680"}],"curies":[{"name":"wp","href":"https:\/\/api.w.org\/{rel}","templated":true}]}}